{"id":12,"date":"2015-02-11T16:14:57","date_gmt":"2015-02-11T14:14:57","guid":{"rendered":"http:\/\/www.contasil.com\/?page_id=12"},"modified":"2015-02-17T16:17:16","modified_gmt":"2015-02-17T14:17:16","slug":"referanslar","status":"publish","type":"page","link":"http:\/\/www.contasil.com\/?page_id=12","title":{"rendered":"REFERANSLAR"},"content":{"rendered":"<p><strong>\u00c7al\u0131\u015ft\u0131\u011f\u0131m\u0131z \u015eirketler;<\/strong><\/p>\n<table width=\"640\" cellspacing=\"0\" cellpadding=\"0\">\n<tbody>\n<tr class=\"style2\">\n<td align=\"left\" valign=\"top\" width=\"316\">\n<ul>\n<li style=\"text-align: left;\">Ser A.\u015e.<\/li>\n<li style=\"text-align: left;\">Kumtel A.\u015e.<\/li>\n<li style=\"text-align: left;\">Esco A.\u015e.<\/li>\n<li style=\"text-align: left;\">Fema\u015f A.\u015e.<\/li>\n<li style=\"text-align: left;\">Termikel A.\u015e<\/li>\n<li style=\"text-align: left;\">Kent Dayan\u0131kl\u0131 T\u00fcketim A.\u015e<\/li>\n<\/ul>\n<\/td>\n<td align=\"left\" valign=\"top\" width=\"322\">\n<ul class=\"b\">\n<li style=\"text-align: left;\">Devecio\u011flu A\u015e.<\/li>\n<li style=\"text-align: left;\">\n<div>C\u0131ng\u0131ll\u0131o\u011flu Ltd \u015eti.<\/div>\n<\/li>\n<li style=\"text-align: left;\">\n<div>Konya Sarayl\u0131 Ltd \u015eti.<\/div>\n<\/li>\n<li style=\"text-align: left;\">\n<div>Do\u011frular A.\u015e.<\/div>\n<\/li>\n<\/ul>\n<ul>\n<li style=\"text-align: left;\">Kumkaya Makina Ltd. \u015eti<\/li>\n<li style=\"text-align: left;\">Aselsan A.\u015e.<\/li>\n<li style=\"text-align: left;\">Ahad Dayan\u0131kl\u0131 T\u00fcketim<\/li>\n<li style=\"text-align: left;\">Vestel A.\u015e.<\/li>\n<\/ul>\n<\/td>\n<\/tr>\n<\/tbody>\n<\/table>\n<p><strong>\u0130hracat Yapt\u0131\u011f\u0131m\u0131z \u00dclkeler;<\/strong><\/p>\n<table width=\"640\" cellspacing=\"0\" cellpadding=\"0\">\n<tbody>\n<tr class=\"style2\">\n<td align=\"left\" valign=\"top\" width=\"316\">\n<ul>\n<li style=\"text-align: left;\">Almanya<\/li>\n<li style=\"text-align: left;\">Belarus<\/li>\n<li style=\"text-align: left;\">Bulgaristan<\/li>\n<li style=\"text-align: left;\">Cezayir<\/li>\n<li style=\"text-align: left;\">M\u0131s\u0131r<\/li>\n<li style=\"text-align: left;\">Polonya<\/li>\n<\/ul>\n<\/td>\n<td align=\"left\" valign=\"top\" width=\"322\">\n<ul class=\"b\">\n<li style=\"text-align: left;\">Rusya<\/li>\n<li style=\"text-align: left;\">Suriye<\/li>\n<li style=\"text-align: left;\">Sudi Arabistan<\/li>\n<li style=\"text-align: left;\">\u015eili<\/li>\n<li style=\"text-align: left;\">Ukrayna<\/li>\n<li style=\"text-align: left;\">\u00dcrd\u00fcn<\/li>\n<\/ul>\n<\/td>\n<\/tr>\n<\/tbody>\n<\/table>\n<p><img decoding=\"async\" class=\"img-frame \" src=\"http:\/\/www.contasil.com\/wp-content\/uploads\/2015\/02\/sertifikalar1.jpg\" alt=\"\" \/><\/p>\n<p><img decoding=\"async\" class=\"img-frame \" src=\"http:\/\/www.contasil.com\/wp-content\/uploads\/2015\/02\/sertifikalar3.jpg\" alt=\"\" \/><\/p>\n<p><img decoding=\"async\" class=\"img-frame \" src=\"http:\/\/www.contasil.com\/wp-content\/uploads\/2015\/02\/sertifikalar2.jpg\" alt=\"\" \/><\/p>\n","protected":false},"excerpt":{"rendered":"<p>\u00c7al\u0131\u015ft\u0131\u011f\u0131m\u0131z \u015eirketler; Ser A.\u015e. Kumtel A.\u015e. Esco A.\u015e. Fema\u015f A.\u015e. Termikel A.\u015e Kent Dayan\u0131kl\u0131 T\u00fcketim A.\u015e Devecio\u011flu A\u015e. C\u0131ng\u0131ll\u0131o\u011flu Ltd \u015eti. Konya Sarayl\u0131 Ltd \u015eti. Do\u011frular A.\u015e. Kumkaya Makina Ltd. \u015eti Aselsan A.\u015e. Ahad Dayan\u0131kl\u0131 T\u00fcketim Vestel A.\u015e. \u0130hracat Yapt\u0131\u011f\u0131m\u0131z \u00dclkeler; Almanya Belarus Bulgaristan Cezayir M\u0131s\u0131r Polonya Rusya Suriye Sudi Arabistan \u015eili Ukrayna \u00dcrd\u00fcn<\/p>\n","protected":false},"author":1,"featured_media":0,"parent":0,"menu_order":0,"comment_status":"open","ping_status":"open","template":"","meta":[],"_links":{"self":[{"href":"http:\/\/www.contasil.com\/index.php?rest_route=\/wp\/v2\/pages\/12"}],"collection":[{"href":"http:\/\/www.contasil.com\/index.php?rest_route=\/wp\/v2\/pages"}],"about":[{"href":"http:\/\/www.contasil.com\/index.php?rest_route=\/wp\/v2\/types\/page"}],"author":[{"embeddable":true,"href":"http:\/\/www.contasil.com\/index.php?rest_route=\/wp\/v2\/users\/1"}],"replies":[{"embeddable":true,"href":"http:\/\/www.contasil.com\/index.php?rest_route=%2Fwp%2Fv2%2Fcomments&post=12"}],"version-history":[{"count":17,"href":"http:\/\/www.contasil.com\/index.php?rest_route=\/wp\/v2\/pages\/12\/revisions"}],"predecessor-version":[{"id":84,"href":"http:\/\/www.contasil.com\/index.php?rest_route=\/wp\/v2\/pages\/12\/revisions\/84"}],"wp:attachment":[{"href":"http:\/\/www.contasil.com\/index.php?rest_route=%2Fwp%2Fv2%2Fmedia&parent=12"}],"curies":[{"name":"wp","href":"https:\/\/api.w.org\/{rel}","templated":true}]}}