{"id":2,"date":"2015-02-10T15:33:58","date_gmt":"2015-02-10T15:33:58","guid":{"rendered":"http:\/\/www.contasil.com\/?page_id=2"},"modified":"2015-02-16T15:06:21","modified_gmt":"2015-02-16T13:06:21","slug":"ornek-sayfa","status":"publish","type":"page","link":"http:\/\/www.contasil.com\/","title":{"rendered":"ANA SAYFA"},"content":{"rendered":"<p><strong>Contasil Silikon Conta San. Tic. Ltd. \u015eti.<br \/>\n<\/strong>\u0130mal etti\u011fimiz \u00fcr\u00fcnlerin kalitesi ve m\u00fc\u015fteri memnuniyeti; i\u015fletme ba\u015far\u0131m\u0131z\u0131n s\u00fcreklili\u011finin anahtar\u0131d\u0131r. \u0130\u015fletme s\u00fcrecinin her a\u015famas\u0131n\u0131n b\u00fct\u00fcn\u00fc ile kontrol\u00fcn\u00fc ama\u00e7layan kalite sisteminin kurulmas\u0131 ile en \u00fcst d\u00fczeyde m\u00fc\u015fteri memnuniyeti sa\u011flayacak kalite,verimlikte etkinlik,s\u00fcreklilik sa\u011flanacak ve maliyet d\u00fc\u015f\u00fcr\u00fclecektir. Bu ba\u011flamda kalite politikam\u0131z\u0131n ana hatlar\u0131:<\/p>\n<p>Her kademede \u00e7al\u0131\u015fan personelin e\u011fitimini yayg\u0131nla\u015ft\u0131rarak kalite sorumlulu\u011fu bilincinin yerle\u015fmesi<br \/>\nTedarik\u00e7i i\u015fletmelerle olu\u015facak yap\u0131c\u0131 i\u015fbirli\u011fi sonucu uygun fiyat,kalite, termin \u00fc\u00e7l\u00fcs\u00fcn\u00fcn sa\u011flanmas\u0131<br \/>\nEn \u00fcst d\u00fczeyde m\u00fc\u015fteri tatminin sa\u011flanmas\u0131<br \/>\nK\u0131s\u0131tl\u0131 kaynaklar\u0131m\u0131z\u0131n en az fire-hurda verecek \u015fekilde kullan\u0131lmas\u0131n\u0131 ve bu sayede \u00e7evrenin korunmas\u0131na yard\u0131mc\u0131 olmak.<br \/>\nKalite sisteminin iyile\u015ftirilmesi<br \/>\nKalite politikas\u0131n\u0131 t\u00fcm personele aktararak herkes taraf\u0131ndan anla\u015f\u0131lmas\u0131n\u0131 ve politikaya uygun \u00e7al\u0131\u015f\u0131lmas\u0131n\u0131 sa\u011flamakt\u0131r.<\/p>\n<p><strong>Misyonumuz<\/strong>;\u00a0faaliyette bulundu\u011fumuz sekt\u00f6r i\u00e7erisinde ihtiya\u00e7 duyuldu\u011fu zaman akla gelen ilk isim olmak; geni\u015f \u00f6l\u00e7\u00fcde yenilik\u00e7i \u00fcr\u00fcnlerimiz, hizmetlerimiz ve de topluma sayg\u0131m\u0131z ve kalitelimizle an\u0131lmakt\u0131r.<\/p>\n<p><strong>Vizyonumuz<\/strong>\u00a0ise yine faaliyet g\u00f6sterdi\u011fimiz sekt\u00f6r i\u00e7erisinde teknolojik geli\u015fmeleri yak\u0131ndan takip ederek kaliteli \u00fcretim yapmak, m\u00fc\u015fteri tabanl\u0131 \u00fcretim yapmak ve m\u00fc\u015fterilerimiz ve \u015firketimiz aras\u0131ndaki s\u0131cak ve samimi ili\u015fkiyi en \u00fcst d\u00fczeye ta\u015f\u0131makt\u0131r.<\/p>\n<p><img decoding=\"async\" class=\"img-frame \" src=\"http:\/\/www.contasil.com\/wp-content\/uploads\/2015\/02\/contasil1.jpg\" alt=\"\" \/>\u00a0\u00a0<img decoding=\"async\" class=\"img-frame \" src=\"http:\/\/www.contasil.com\/wp-content\/uploads\/2015\/02\/contasil2.jpg\" alt=\"\" \/><\/p>\n<p><img decoding=\"async\" class=\"img-frame \" src=\"http:\/\/www.contasil.com\/wp-content\/uploads\/2015\/02\/contasil3.jpg\" alt=\"\" \/>\u00a0\u00a0<img decoding=\"async\" class=\"img-frame \" src=\"http:\/\/www.contasil.com\/wp-content\/uploads\/2015\/02\/contasil4.jpg\" alt=\"\" \/><\/p>\n","protected":false},"excerpt":{"rendered":"<p>Contasil Silikon Conta San. Tic. Ltd. \u015eti. \u0130mal etti\u011fimiz \u00fcr\u00fcnlerin kalitesi ve m\u00fc\u015fteri memnuniyeti; i\u015fletme ba\u015far\u0131m\u0131z\u0131n s\u00fcreklili\u011finin anahtar\u0131d\u0131r. \u0130\u015fletme s\u00fcrecinin her a\u015famas\u0131n\u0131n b\u00fct\u00fcn\u00fc ile kontrol\u00fcn\u00fc ama\u00e7layan kalite sisteminin kurulmas\u0131 ile en \u00fcst d\u00fczeyde m\u00fc\u015fteri memnuniyeti sa\u011flayacak kalite,verimlikte etkinlik,s\u00fcreklilik sa\u011flanacak ve maliyet d\u00fc\u015f\u00fcr\u00fclecektir. Bu ba\u011flamda kalite politikam\u0131z\u0131n ana hatlar\u0131: Her kademede \u00e7al\u0131\u015fan personelin e\u011fitimini yayg\u0131nla\u015ft\u0131rarak kalite [&hellip;]<\/p>\n","protected":false},"author":1,"featured_media":0,"parent":0,"menu_order":0,"comment_status":"open","ping_status":"open","template":"","meta":[],"_links":{"self":[{"href":"http:\/\/www.contasil.com\/index.php?rest_route=\/wp\/v2\/pages\/2"}],"collection":[{"href":"http:\/\/www.contasil.com\/index.php?rest_route=\/wp\/v2\/pages"}],"about":[{"href":"http:\/\/www.contasil.com\/index.php?rest_route=\/wp\/v2\/types\/page"}],"author":[{"embeddable":true,"href":"http:\/\/www.contasil.com\/index.php?rest_route=\/wp\/v2\/users\/1"}],"replies":[{"embeddable":true,"href":"http:\/\/www.contasil.com\/index.php?rest_route=%2Fwp%2Fv2%2Fcomments&post=2"}],"version-history":[{"count":9,"href":"http:\/\/www.contasil.com\/index.php?rest_route=\/wp\/v2\/pages\/2\/revisions"}],"predecessor-version":[{"id":29,"href":"http:\/\/www.contasil.com\/index.php?rest_route=\/wp\/v2\/pages\/2\/revisions\/29"}],"wp:attachment":[{"href":"http:\/\/www.contasil.com\/index.php?rest_route=%2Fwp%2Fv2%2Fmedia&parent=2"}],"curies":[{"name":"wp","href":"https:\/\/api.w.org\/{rel}","templated":true}]}}