{"id":72,"date":"2015-02-16T15:11:05","date_gmt":"2015-02-16T13:11:05","guid":{"rendered":"http:\/\/www.contasil.com\/?page_id=72"},"modified":"2015-02-16T15:50:47","modified_gmt":"2015-02-16T13:50:47","slug":"urunler","status":"publish","type":"page","link":"http:\/\/www.contasil.com\/?page_id=72","title":{"rendered":"\u00dcR\u00dcNLER"},"content":{"rendered":"<ul>\n<li><strong>Silikon Profiller<\/strong><\/li>\n<li><strong>F\u0131r\u0131n Kap\u0131 Contalar\u0131<\/strong><\/li>\n<li><strong>Silikon Kablolar<\/strong><\/li>\n<li><strong>Silikon Kablo Gruplar\u0131<\/strong><\/li>\n<li><strong>Silikon Kal\u0131planm\u0131\u015f Par\u00e7alar<\/strong><\/li>\n<\/ul>\n<div><a class=\"lightbox-image\" title=\"\" href=\"http:\/\/www.contasil.com\/wp-content\/uploads\/2015\/02\/urunler1.jpg\" rel=\"lightbox\"><img decoding=\"async\" class=\"img-frame \" src=\"http:\/\/www.contasil.com\/wp-content\/uploads\/2015\/02\/urunler1-k.jpg\" alt=\"\" \/><\/a>\u00a0\u00a0<a class=\"lightbox-image\" title=\"\" href=\"http:\/\/www.contasil.com\/wp-content\/uploads\/2015\/02\/urunler2.jpg\" rel=\"lightbox\"><img decoding=\"async\" class=\"img-frame \" src=\"http:\/\/www.contasil.com\/wp-content\/uploads\/2015\/02\/urunler2-k.jpg\" alt=\"\" \/><\/a>\u00a0\u00a0<a class=\"lightbox-image\" title=\"\" href=\"http:\/\/www.contasil.com\/wp-content\/uploads\/2015\/02\/urunler5.jpg\" rel=\"lightbox\"><img decoding=\"async\" class=\"img-frame \" src=\"http:\/\/www.contasil.com\/wp-content\/uploads\/2015\/02\/urunler5-k.jpg\" alt=\"\" \/><\/a><\/div>\n<div><a class=\"lightbox-image\" title=\"\" href=\"http:\/\/www.contasil.com\/wp-content\/uploads\/2015\/02\/urunler7.jpg\" rel=\"lightbox\"><img decoding=\"async\" class=\"img-frame \" src=\"http:\/\/www.contasil.com\/wp-content\/uploads\/2015\/02\/1424094074urunler7-k.jpg\" alt=\"\" \/><\/a>\u00a0\u00a0<a class=\"lightbox-image\" title=\"\" href=\"http:\/\/www.contasil.com\/wp-content\/uploads\/2015\/02\/urunler11.jpg\" rel=\"lightbox\"><img decoding=\"async\" class=\"img-frame \" src=\"http:\/\/www.contasil.com\/wp-content\/uploads\/2015\/02\/urunler11-k.jpg\" alt=\"\" \/><\/a>\u00a0\u00a0<a class=\"lightbox-image\" title=\"\" href=\"http:\/\/www.contasil.com\/wp-content\/uploads\/2015\/02\/urunler6.jpg\" rel=\"lightbox\"><img decoding=\"async\" class=\"img-frame \" src=\"http:\/\/www.contasil.com\/wp-content\/uploads\/2015\/02\/urunler6-k.jpg\" alt=\"\" \/><\/a><\/div>\n<div><a class=\"lightbox-image\" title=\"\" href=\"http:\/\/www.contasil.com\/wp-content\/uploads\/2015\/02\/urunler4.jpg\" rel=\"lightbox\"><img decoding=\"async\" class=\"img-frame \" src=\"http:\/\/www.contasil.com\/wp-content\/uploads\/2015\/02\/urunler4-k.jpg\" alt=\"\" \/><\/a>\u00a0\u00a0<a class=\"lightbox-image\" title=\"\" href=\"http:\/\/www.contasil.com\/wp-content\/uploads\/2015\/02\/urunler9.jpg\" rel=\"lightbox\"><img decoding=\"async\" class=\"img-frame \" src=\"http:\/\/www.contasil.com\/wp-content\/uploads\/2015\/02\/urunler9-k.jpg\" alt=\"\" \/><\/a>\u00a0\u00a0<a class=\"lightbox-image\" title=\"\" href=\"http:\/\/www.contasil.com\/wp-content\/uploads\/2015\/02\/urunler8.jpg\" rel=\"lightbox\"><img decoding=\"async\" class=\"img-frame \" src=\"http:\/\/www.contasil.com\/wp-content\/uploads\/2015\/02\/urunler8-k.jpg\" alt=\"\" \/><\/a><\/div>\n<div><a class=\"lightbox-image\" title=\"\" href=\"http:\/\/www.contasil.com\/wp-content\/uploads\/2015\/02\/urunler10.jpg\" rel=\"lightbox\"><img decoding=\"async\" class=\"img-frame \" src=\"http:\/\/www.contasil.com\/wp-content\/uploads\/2015\/02\/urunler10-k.jpg\" alt=\"\" \/><\/a>\u00a0\u00a0<a class=\"lightbox-image\" title=\"\" href=\"http:\/\/www.contasil.com\/wp-content\/uploads\/2015\/02\/urunler12.jpg\" rel=\"lightbox\"><img decoding=\"async\" class=\"img-frame \" src=\"http:\/\/www.contasil.com\/wp-content\/uploads\/2015\/02\/urunler12-k.jpg\" alt=\"\" \/><\/a>\u00a0\u00a0<a class=\"lightbox-image\" title=\"\" href=\"http:\/\/www.contasil.com\/wp-content\/uploads\/2015\/02\/1424094634urunler3.jpg\" rel=\"lightbox\"><img decoding=\"async\" class=\"img-frame \" src=\"http:\/\/www.contasil.com\/wp-content\/uploads\/2015\/02\/1424094624urunler3-k.jpg\" alt=\"\" \/><\/a><\/div>\n","protected":false},"excerpt":{"rendered":"<p>Silikon Profiller F\u0131r\u0131n Kap\u0131 Contalar\u0131 Silikon Kablolar Silikon Kablo Gruplar\u0131 Silikon Kal\u0131planm\u0131\u015f Par\u00e7alar \u00a0\u00a0\u00a0\u00a0 \u00a0\u00a0\u00a0\u00a0 \u00a0\u00a0\u00a0\u00a0 \u00a0\u00a0\u00a0\u00a0<\/p>\n","protected":false},"author":1,"featured_media":0,"parent":0,"menu_order":0,"comment_status":"open","ping_status":"open","template":"","meta":[],"_links":{"self":[{"href":"http:\/\/www.contasil.com\/index.php?rest_route=\/wp\/v2\/pages\/72"}],"collection":[{"href":"http:\/\/www.contasil.com\/index.php?rest_route=\/wp\/v2\/pages"}],"about":[{"href":"http:\/\/www.contasil.com\/index.php?rest_route=\/wp\/v2\/types\/page"}],"author":[{"embeddable":true,"href":"http:\/\/www.contasil.com\/index.php?rest_route=\/wp\/v2\/users\/1"}],"replies":[{"embeddable":true,"href":"http:\/\/www.contasil.com\/index.php?rest_route=%2Fwp%2Fv2%2Fcomments&post=72"}],"version-history":[{"count":5,"href":"http:\/\/www.contasil.com\/index.php?rest_route=\/wp\/v2\/pages\/72\/revisions"}],"predecessor-version":[{"id":78,"href":"http:\/\/www.contasil.com\/index.php?rest_route=\/wp\/v2\/pages\/72\/revisions\/78"}],"wp:attachment":[{"href":"http:\/\/www.contasil.com\/index.php?rest_route=%2Fwp%2Fv2%2Fmedia&parent=72"}],"curies":[{"name":"wp","href":"https:\/\/api.w.org\/{rel}","templated":true}]}}